{"id":99,"date":"2012-12-28T14:53:48","date_gmt":"2012-12-28T13:53:48","guid":{"rendered":"http:\/\/neu.philipkoenig.at\/?page_id=99"},"modified":"2012-12-28T14:59:05","modified_gmt":"2012-12-28T13:59:05","slug":"impressum","status":"publish","type":"page","link":"http:\/\/www.philipkoenig.at\/?page_id=99","title":{"rendered":"Impressum"},"content":{"rendered":"<h2>Medieninhaber und Herausgeber<\/h2>\n<p>Mag. Philip K\u00f6nig<\/p>\n<p>Die Gr\u00fcnen Wieden<br \/>\nFavoritenstra\u00dfe 22<br \/>\nA-1040 Wien<\/p>\n<h2>Haftungsausschluss<\/h2>\n<p>Die Inhalte dieser und Internetseiten sind von mir sorgf\u00e4ltig erstellt und gepr\u00fcft worden. Dennoch kann ich keine Garantie \u00fcbernehmen. Eine Haftung des Herausgebers f\u00fcr Personen-, Sach- und Verm\u00f6genssch\u00e4den ist ausgeschlossen.<\/p>\n<p>Auf den Inhalt von verlinkten Seiten hat der Herausgeber keine Einfluss.<\/p>\n<h2>Credits<\/h2>\n<p>Diese Seite wurde mit <a href=\"http:\/\/wordpress.org\/\" target=\"_blank\">WordPress<\/a> erstellt.<br \/>\nTheme: Esplanade von <a href=\"http:\/\/www.onedesigns.com\/\" target=\"_blank\">One Designs<\/a><\/p>\n","protected":false},"excerpt":{"rendered":"<p>Medieninhaber und Herausgeber Mag. Philip K\u00f6nig Die Gr\u00fcnen Wieden Favoritenstra\u00dfe 22 A-1040 Wien Haftungsausschluss Die Inhalte dieser und Internetseiten sind von mir sorgf\u00e4ltig erstellt und gepr\u00fcft worden. Dennoch kann ich keine Garantie \u00fcbernehmen. Eine Haftung des Herausgebers f\u00fcr Personen-, Sach- und Verm\u00f6genssch\u00e4den ist ausgeschlossen. Auf den Inhalt von verlinkten Seiten &#8230;<\/p>\n","protected":false},"author":1,"featured_media":0,"parent":27,"menu_order":1,"comment_status":"closed","ping_status":"closed","template":"","meta":[],"_links":{"self":[{"href":"http:\/\/www.philipkoenig.at\/index.php?rest_route=\/wp\/v2\/pages\/99"}],"collection":[{"href":"http:\/\/www.philipkoenig.at\/index.php?rest_route=\/wp\/v2\/pages"}],"about":[{"href":"http:\/\/www.philipkoenig.at\/index.php?rest_route=\/wp\/v2\/types\/page"}],"author":[{"embeddable":true,"href":"http:\/\/www.philipkoenig.at\/index.php?rest_route=\/wp\/v2\/users\/1"}],"replies":[{"embeddable":true,"href":"http:\/\/www.philipkoenig.at\/index.php?rest_route=%2Fwp%2Fv2%2Fcomments&post=99"}],"version-history":[{"count":4,"href":"http:\/\/www.philipkoenig.at\/index.php?rest_route=\/wp\/v2\/pages\/99\/revisions"}],"predecessor-version":[{"id":102,"href":"http:\/\/www.philipkoenig.at\/index.php?rest_route=\/wp\/v2\/pages\/99\/revisions\/102"}],"up":[{"embeddable":true,"href":"http:\/\/www.philipkoenig.at\/index.php?rest_route=\/wp\/v2\/pages\/27"}],"wp:attachment":[{"href":"http:\/\/www.philipkoenig.at\/index.php?rest_route=%2Fwp%2Fv2%2Fmedia&parent=99"}],"curies":[{"name":"wp","href":"https:\/\/api.w.org\/{rel}","templated":true}]}}